{"id":280,"date":"2018-06-19T10:44:17","date_gmt":"2018-06-19T10:44:17","guid":{"rendered":"https:\/\/www.ic-kommunikation.de\/wordpress\/index.php\/about-us\/"},"modified":"2020-03-25T10:13:14","modified_gmt":"2020-03-25T09:13:14","slug":"about-us","status":"publish","type":"page","link":"https:\/\/ic-kommunikation.de\/index.php\/about-us\/","title":{"rendered":"Agentur"},"content":{"rendered":"<p><img loading=\"lazy\" decoding=\"async\" width=\"768\" height=\"768\" src=\"https:\/\/ic-kommunikation.de\/wp-content\/uploads\/2019\/03\/communication4.jpg\" alt=\"\" srcset=\"https:\/\/ic-kommunikation.de\/wp-content\/uploads\/2019\/03\/communication4.jpg 768w, https:\/\/ic-kommunikation.de\/wp-content\/uploads\/2019\/03\/communication4-150x150.jpg 150w, https:\/\/ic-kommunikation.de\/wp-content\/uploads\/2019\/03\/communication4-300x300.jpg 300w\" sizes=\"auto, (max-width: 768px) 100vw, 768px\" \/>\t\t\t\t\t\t\t\t\t\t\t<\/p>\n<h5>who is who<\/h5>\n<p>Erfolg hat man nie alleine. Deshalb sind unsere Ideen nur so gut wie unser Team. Bei uns kann jeder etwas anderes und das richtig gut.\u00a0<\/p>\n<p>Unsere Mitarbeiter sind Kreative und Dienstleister diverser Branchen, die mit genauso viel Begeisterung bei der Sache sind wie wir.\u00a0Und weil wir gute Arbeit genauso sch\u00e4tzen wie unsere Kunden, haben wir die Arbeitsbedingungen so gestaltet, dass jeder mitmachen kann. So bieten wir insbesondere M\u00fcttern und V\u00e4tern die Chance, Ihr Talent und Ihre Leidenschaft f\u00fcr Werbung wieder aufbl\u00fchen zu lassen.<\/p>\n<h5>AFTER BABY FRONT ROW<\/h5>\n<p>Vom Creative Director zum Head of Coffeemaking in nur wenigen Monaten? Das gibt es nur im Agenturleben! Straffe Timings, spontane \u00dcberstunden und maximale Flexibilit\u00e4t machen es Eltern geradezu unm\u00f6glich, im Beruf wieder Fu\u00df zu fassen.\u00a0<\/p>\n<p>Hochmotiviert und voller neuer Ideen geht es also nach der Babypause leider nicht ins n\u00e4chste Projektmeeting, sondern meist nur auf das kreative Abstellgleis.<\/p>\n<p>Wir wollen nicht l\u00e4nger dar\u00fcber nachdenken, wieviel Erfahrung und Kompetenz der Branche dadurch verloren geht. Lieber freuen wir uns \u00fcber so viel Potential, das wir unseren Kunden zur Verf\u00fcgung stellen k\u00f6nnen! Deshalb liegt es uns besonders am Herzen M\u00fcttern und V\u00e4tern den Wiedereinstieg in den Agenturalltag zu erm\u00f6glichen. Mit ausreichend Zeit, um die besten Ideen, Konzepte und Designs zu schaffen und gen\u00fcgend Freiraum, um mit Spa\u00df bei der Arbeit und in aller Ruhe bei den Liebsten zu sein.\u00a0<\/p>\n<p>\t\t\t\t\t\t\t\t\t\t<img loading=\"lazy\" decoding=\"async\" width=\"768\" height=\"768\" src=\"https:\/\/ic-kommunikation.de\/wp-content\/uploads\/2019\/03\/muetter-768x768.jpg\" alt=\"\" srcset=\"https:\/\/ic-kommunikation.de\/wp-content\/uploads\/2019\/03\/muetter-768x768.jpg 768w, https:\/\/ic-kommunikation.de\/wp-content\/uploads\/2019\/03\/muetter-150x150.jpg 150w, https:\/\/ic-kommunikation.de\/wp-content\/uploads\/2019\/03\/muetter-300x300.jpg 300w, https:\/\/ic-kommunikation.de\/wp-content\/uploads\/2019\/03\/muetter.jpg 786w\" sizes=\"auto, (max-width: 768px) 100vw, 768px\" \/><\/p>\n","protected":false},"excerpt":{"rendered":"<p>who is who Erfolg hat man nie alleine. Deshalb sind unsere Ideen nur so gut wie unser Team. Bei uns kann jeder etwas anderes und das richtig gut.\u00a0 Unsere Mitarbeiter sind Kreative und Dienstleister diverser Branchen, die mit genauso viel Begeisterung bei der Sache sind wie wir.\u00a0Und weil wir gute Arbeit genauso sch\u00e4tzen wie unsere [&hellip;]<\/p>\n","protected":false},"author":1,"featured_media":0,"parent":0,"menu_order":0,"comment_status":"closed","ping_status":"closed","template":"","meta":{"_monsterinsights_skip_tracking":false,"_monsterinsights_sitenote_active":false,"_monsterinsights_sitenote_note":"","_monsterinsights_sitenote_category":0,"footnotes":""},"class_list":["post-280","page","type-page","status-publish","hentry"],"_links":{"self":[{"href":"https:\/\/ic-kommunikation.de\/index.php\/wp-json\/wp\/v2\/pages\/280","targetHints":{"allow":["GET"]}}],"collection":[{"href":"https:\/\/ic-kommunikation.de\/index.php\/wp-json\/wp\/v2\/pages"}],"about":[{"href":"https:\/\/ic-kommunikation.de\/index.php\/wp-json\/wp\/v2\/types\/page"}],"author":[{"embeddable":true,"href":"https:\/\/ic-kommunikation.de\/index.php\/wp-json\/wp\/v2\/users\/1"}],"replies":[{"embeddable":true,"href":"https:\/\/ic-kommunikation.de\/index.php\/wp-json\/wp\/v2\/comments?post=280"}],"version-history":[{"count":77,"href":"https:\/\/ic-kommunikation.de\/index.php\/wp-json\/wp\/v2\/pages\/280\/revisions"}],"predecessor-version":[{"id":876,"href":"https:\/\/ic-kommunikation.de\/index.php\/wp-json\/wp\/v2\/pages\/280\/revisions\/876"}],"wp:attachment":[{"href":"https:\/\/ic-kommunikation.de\/index.php\/wp-json\/wp\/v2\/media?parent=280"}],"curies":[{"name":"wp","href":"https:\/\/api.w.org\/{rel}","templated":true}]}}