{"id":277,"date":"2018-06-19T10:45:59","date_gmt":"2018-06-19T10:45:59","guid":{"rendered":"https:\/\/www.ic-kommunikation.de\/wordpress\/index.php\/services\/"},"modified":"2020-11-11T11:13:44","modified_gmt":"2020-11-11T10:13:44","slug":"services","status":"publish","type":"page","link":"https:\/\/ic-kommunikation.de\/index.php\/services\/","title":{"rendered":"Leistungen"},"content":{"rendered":"<h4 style=\"letter-spacing: normal; caret-color: #a8937e; color: #a8937e; text-align: right;\">SPREAD\u00a0THE WORD!<\/h4>\n<p>Wir beherrschen sie alle, die vielen Sprachen der Vermarktung. Egal was Ihnen vorschwebt \u2013 wir machen ein standfestes Konzept daraus. In \u00fcber 20 Jahren Agenturleben haben wir schon f\u00fcr so ziemlich jeden Anlass geplant, f\u00fcr die unterschiedlichsten Vorstellungen designt und in jedem m\u00f6glichen Format gedruckt. Als Full-Service-Agentur r\u00fccken wir Ihr Produkt von allen Seiten auf allen Kan\u00e4len ins beste Licht \u2013 egal ob print oder online, klassische Brosch\u00fcre oder E-Newsletter, Anzeige oder Geb\u00e4udebanner.<\/p>\n<h1>KONZEPTION<\/h1>\n<p>\t\t\t\t\t\t\t\t\t\t<img decoding=\"async\" width=\"768\" height=\"768\" src=\"https:\/\/ic-kommunikation.de\/wp-content\/uploads\/2019\/02\/about-1-768x768.jpg\" alt=\"\" loading=\"lazy\" srcset=\"https:\/\/ic-kommunikation.de\/wp-content\/uploads\/2019\/02\/about-1-768x768.jpg 768w, https:\/\/ic-kommunikation.de\/wp-content\/uploads\/2019\/02\/about-1-150x150.jpg 150w, https:\/\/ic-kommunikation.de\/wp-content\/uploads\/2019\/02\/about-1-300x300.jpg 300w, https:\/\/ic-kommunikation.de\/wp-content\/uploads\/2019\/02\/about-1.jpg 1024w\" sizes=\"auto, (max-width: 768px) 100vw, 768px\" \/>\t\t\t\t\t\t\t\t\t\t\t<\/p>\n<h3>ONCE UPON A TIME.<\/h3>\n<p>Das Fundament einer guten Vermarktung? Ein durchdachtes Konzept, das auf Ihr Produkt, Ihre Vorstellungen und die Zielgruppe ma\u00dfgeschneidert ist. So entstehen Marketingstorys, die erz\u00e4hlt werden m\u00fcssen und Marken, die im Kopf bleiben.<\/p>\n<p><strong style=\"letter-spacing: 0px;\">Starke Marken: Name, Logo &amp; Claim<\/strong><\/p>\n<p><strong>Marketingstorys, die erz\u00e4hlt werden m\u00fcssen<\/strong><\/p>\n<h1>DESIGN<\/h1>\n<h3>WE CREATE. YOU DECIDE.<\/h3>\n<p>Auch hier sehen wir die Dinge etwas anders. In Sachen Design ist bei uns n\u00e4mlich Teamarbeit gefragt \u2013 zwischen unseren Grafikern und Ihnen! Wir ziehen nicht einfach unseren Stilstiefel durch, sondern finden genau den Schuh, der zu Ihnen passt. Schlie\u00dflich ist gutes Design letztlich Ansichtssache. Und zwar Ihre.<\/p>\n<p><b style=\"letter-spacing: 0px;\">Printklassiker vom Flyer bis zur Brosch\u00fcre<\/b><\/p>\n<p><b>Au\u00dfergew\u00f6hnliche Printprodukte in jeder Form, Verarbeitung und Gr\u00f6\u00dfe<\/b><\/p>\n<p><b>Gesch\u00e4ftsausstattung innerhalb und au\u00dferhalb der Norm<\/b><\/p>\n<p><b>Au\u00dfenwerbung von der Bautafel bis zum Geb\u00e4udebanne<\/b>r<\/p>\n<p>\t\t\t\t\t\t\t\t\t\t<img decoding=\"async\" width=\"768\" height=\"512\" src=\"https:\/\/ic-kommunikation.de\/wp-content\/uploads\/2019\/02\/Leistungen-768x512.jpg\" alt=\"\" loading=\"lazy\" srcset=\"https:\/\/ic-kommunikation.de\/wp-content\/uploads\/2019\/02\/Leistungen-768x512.jpg 768w, https:\/\/ic-kommunikation.de\/wp-content\/uploads\/2019\/02\/Leistungen-300x200.jpg 300w, https:\/\/ic-kommunikation.de\/wp-content\/uploads\/2019\/02\/Leistungen-1024x683.jpg 1024w, https:\/\/ic-kommunikation.de\/wp-content\/uploads\/2019\/02\/Leistungen.jpg 1417w\" sizes=\"auto, (max-width: 768px) 100vw, 768px\" \/>\t\t\t\t\t\t\t\t\t\t\t<\/p>\n<h1>EVENT<\/h1>\n<p>\t\t\t\t\t\t\t\t\t\t<img decoding=\"async\" width=\"768\" height=\"512\" src=\"https:\/\/ic-kommunikation.de\/wp-content\/uploads\/2019\/02\/kontakt-768x512.jpg\" alt=\"\" loading=\"lazy\" srcset=\"https:\/\/ic-kommunikation.de\/wp-content\/uploads\/2019\/02\/kontakt-768x512.jpg 768w, https:\/\/ic-kommunikation.de\/wp-content\/uploads\/2019\/02\/kontakt-300x200.jpg 300w, https:\/\/ic-kommunikation.de\/wp-content\/uploads\/2019\/02\/kontakt-1024x683.jpg 1024w, https:\/\/ic-kommunikation.de\/wp-content\/uploads\/2019\/02\/kontakt.jpg 1417w\" sizes=\"auto, (max-width: 768px) 100vw, 768px\" \/>\t\t\t\t\t\t\t\t\t\t\t<\/p>\n<h3>THE SHOW WILL GO ON AND ON AND ON<\/h3>\n<p>Wir machen keine Events \u2013 wir erfinden sie! Jedes f\u00fcr sich einzigartig und genau\u00a0ma\u00dfgeschneidert\u00a0auf Ihr Produkt.\u00a0Ein Schema F haben wir deshalb nicht, aber \u00fcber 15 Jahre Eventerfahrung und ein eingespieltes Team, das von der Konzeption \u00fcber die Technik bis zum Catering alles f\u00fcr Sie auf die Beine stellt.\u00a0<\/p>\n<p><strong style=\"letter-spacing: 0px;\">Planung und Eventkonzeption<\/strong><\/p>\n<p><strong>Technik vom Licht bis zum Bu\u0308hnenaufbau<\/strong><\/p>\n<p><strong>Catering- und Staffkoordination<\/strong><\/p>\n<p><strong>Vor- und Nachbereitung von der Einladung bis zur Auswertung<\/strong><\/p>\n<h5>LEISTUNGEN F\u00dcR UNSERE KUNDEN:<\/h5>\n<p style=\"font-family: Roboto, sans-serif; font-size: 12px;\">STRATEGIE<\/p>\n<ul style=\"font-family: Roboto, sans-serif; font-size: 12px;\">\n<li style=\"line-height: 22.799999237060547px;\">Standortanalysen<\/li>\n<li style=\"line-height: 22.799999237060547px;\">Nutzungskonzepte<\/li>\n<li style=\"line-height: 22.799999237060547px;\">Bestandsrevitalisierungskonzepte<\/li>\n<li style=\"line-height: 22.799999237060547px;\">Optimierungskonzepte<\/li>\n<li style=\"line-height: 22.799999237060547px;\">Strategische Ausrichtung<\/li>\n<li style=\"line-height: 22.799999237060547px;\">Zielgruppendefinition<\/li>\n<li style=\"line-height: 22.799999237060547px;\">Touchpoints<\/li>\n<li style=\"line-height: 22.799999237060547px;\">Standortmarketing<\/li>\n<li style=\"line-height: 22.799999237060547px;\">Objektmarketing<\/li>\n<\/ul>\n<p style=\"font-family: Roboto, sans-serif; font-size: 12px;\">BRANDING<\/p>\n<ul style=\"font-family: Roboto, sans-serif; font-size: 12px;\">\n<li style=\"line-height: 22.799999237060547px;\">Image- und Markenanalyse<\/li>\n<li style=\"line-height: 22.799999237060547px;\">Leitidee und Story<\/li>\n<li style=\"line-height: 22.799999237060547px;\">Positionierung<\/li>\n<li style=\"line-height: 22.799999237060547px;\">Markenstrategie<\/li>\n<li style=\"line-height: 22.799999237060547px;\">Markenentwicklung<\/li>\n<li style=\"line-height: 22.799999237060547px;\">Namens- und\u00a0Claimentwicklung<\/li>\n<li style=\"line-height: 22.799999237060547px;\">Kommunikationsstrategie<\/li>\n<li style=\"line-height: 22.799999237060547px;\">Designstrategie<\/li>\n<li style=\"line-height: 22.799999237060547px;\">Corporate Design<\/li>\n<li style=\"line-height: 22.799999237060547px;\">Ansprache \/ Wording<\/li>\n<li style=\"line-height: 22.799999237060547px;\">Fotografie und Bildsprache<\/li>\n<\/ul>\n<p style=\"font-size: 12px;\">ENVIRONMENTAL (POS)<\/p>\n<ul style=\"font-size: 12px;\">\n<li style=\"line-height: 22.799999237060547px;\">Baustellenmarketing<\/li>\n<li style=\"line-height: 22.799999237060547px;\">Vermarktung am Geb\u00e4ude\u00a0(Blow-up, Bauschilder etc.)<\/li>\n<li style=\"line-height: 22.799999237060547px;\">Leit- und Orientierungssysteme<\/li>\n<li style=\"line-height: 22.799999237060547px;\">Kunst am Bau<\/li>\n<li style=\"line-height: 22.799999237060547px;\">Beleuchtungskonzepte<\/li>\n<li style=\"line-height: 22.799999237060547px;\">Marketing-Suites, Musterb\u00fcros\u00a0und Lobbys<\/li>\n<li style=\"line-height: 22.799999237060547px;\">Messest\u00e4nde<\/li>\n<\/ul>\n<p style=\"font-size: 12px;\">PRINT<\/p>\n<ul style=\"font-size: 12px;\">\n<li style=\"line-height: 22.799999237060547px;\">B\u00fccher<\/li>\n<li style=\"line-height: 22.799999237060547px;\">Kataloge &amp; Brosch\u00fcren<\/li>\n<li style=\"line-height: 22.799999237060547px;\">Magazine<\/li>\n<li style=\"line-height: 22.799999237060547px;\">Folder<\/li>\n<li style=\"line-height: 22.799999237060547px;\">Mailings<\/li>\n<li style=\"line-height: 22.799999237060547px;\">Anzeigen<\/li>\n<\/ul>\n<p style=\"font-size: 12px;\">COMMUNICATIONS<\/p>\n<ul style=\"font-size: 12px;\">\n<li style=\"line-height: 22.799999237060547px;\">Give-Aways<\/li>\n<li style=\"line-height: 22.799999237060547px;\">Presse- und \u00d6ffentlichkeitsarbeit<\/li>\n<li style=\"line-height: 22.799999237060547px;\">Text und Redaktion<\/li>\n<li style=\"line-height: 22.799999237060547px;\">Veranstaltungen, Events<\/li>\n<li style=\"line-height: 22.799999237060547px;\">Anzeigen<\/li>\n<\/ul>\n<p style=\"font-size: 12px;\">COMMUNICATIONS<\/p>\n<ul style=\"font-size: 12px;\">\n<li style=\"line-height: 22.799999237060547px;\">Give-Aways<\/li>\n<li style=\"line-height: 22.799999237060547px;\">Presse- und \u00d6ffentlichkeitsarbeit<\/li>\n<li style=\"line-height: 22.799999237060547px;\">Text und Redaktion<\/li>\n<li style=\"line-height: 22.799999237060547px;\">Veranstaltungen, Events<\/li>\n<li style=\"line-height: 22.799999237060547px;\">Anzeigen<\/li>\n<\/ul>\n","protected":false},"excerpt":{"rendered":"<p>SPREAD\u00a0THE WORD! Wir beherrschen sie alle, die vielen Sprachen der Vermarktung. Egal was Ihnen vorschwebt \u2013 wir machen ein standfestes Konzept daraus. In \u00fcber 20 Jahren Agenturleben haben wir schon f\u00fcr so ziemlich jeden Anlass geplant, f\u00fcr die unterschiedlichsten Vorstellungen designt und in jedem m\u00f6glichen Format gedruckt. Als Full-Service-Agentur r\u00fccken wir Ihr Produkt von allen [&hellip;]<\/p>\n","protected":false},"author":1,"featured_media":0,"parent":0,"menu_order":0,"comment_status":"closed","ping_status":"closed","template":"","meta":{"_monsterinsights_skip_tracking":false,"_monsterinsights_sitenote_active":false,"_monsterinsights_sitenote_note":"","_monsterinsights_sitenote_category":0,"footnotes":""},"class_list":["post-277","page","type-page","status-publish","hentry"],"_links":{"self":[{"href":"https:\/\/ic-kommunikation.de\/index.php\/wp-json\/wp\/v2\/pages\/277","targetHints":{"allow":["GET"]}}],"collection":[{"href":"https:\/\/ic-kommunikation.de\/index.php\/wp-json\/wp\/v2\/pages"}],"about":[{"href":"https:\/\/ic-kommunikation.de\/index.php\/wp-json\/wp\/v2\/types\/page"}],"author":[{"embeddable":true,"href":"https:\/\/ic-kommunikation.de\/index.php\/wp-json\/wp\/v2\/users\/1"}],"replies":[{"embeddable":true,"href":"https:\/\/ic-kommunikation.de\/index.php\/wp-json\/wp\/v2\/comments?post=277"}],"version-history":[{"count":151,"href":"https:\/\/ic-kommunikation.de\/index.php\/wp-json\/wp\/v2\/pages\/277\/revisions"}],"predecessor-version":[{"id":996,"href":"https:\/\/ic-kommunikation.de\/index.php\/wp-json\/wp\/v2\/pages\/277\/revisions\/996"}],"wp:attachment":[{"href":"https:\/\/ic-kommunikation.de\/index.php\/wp-json\/wp\/v2\/media?parent=277"}],"curies":[{"name":"wp","href":"https:\/\/api.w.org\/{rel}","templated":true}]}}