{"id":276,"date":"2018-06-19T11:37:43","date_gmt":"2018-06-19T11:37:43","guid":{"rendered":"https:\/\/www.ic-kommunikation.de\/wordpress\/index.php\/home-2\/"},"modified":"2020-09-15T15:42:20","modified_gmt":"2020-09-15T14:42:20","slug":"home-2","status":"publish","type":"page","link":"https:\/\/ic-kommunikation.de\/","title":{"rendered":"Home"},"content":{"rendered":"<h4><b style=\"caret-color: #000000; font-size: 2.7em; letter-spacing: 0px;\">ZEIT,&nbsp;<\/b>DASS WIR UNS DREHEN<\/h4>\n<h4>&nbsp;<\/h4>\n<p style=\"margin-right: 0cm; margin-left: 0cm; font-size: medium; font-family: 'Times New Roman', serif;\">Agenturen gibt es wom\u00f6glich genauso viele wie Sand am Meer. Wir machen deshalb bestimmt nicht alles anders, aber vieles besser. Warum? Weil wir eben nicht h\u00f6her, lauter, weiter sind. Denn wenn es um unsere Arbeitsweise geht, werden wir gerne konservativ: P\u00fcnktlichkeit, Zuverl\u00e4ssigkeit und gegenseitiges Vertrauen sind der Grundstock f\u00fcr eine gute Zusammenarbeit und erfolgreiche Projekte, die uns beide gl\u00fccklich machen.&nbsp;<\/p>\n<p style=\"margin-right: 0cm; margin-left: 0cm; font-size: medium; font-family: 'Times New Roman', serif;\">So traditionell unsere Werte sind, so originell, verr\u00fcckt, anders und mutig d\u00fcrfen unsere Ideen sein. Denn Kreativit\u00e4t ist nicht nur eine Gabe, sondern ein Handwerk, das wir mit \u00fcber 20 Jahren Erfahrung und unserem bunt gemischten Team aus unterschiedlichen Branchen als Meister beherrschen. Wir wissen wie es l\u00e4uft und sind trotzdem so neugierig wie am ersten Tag, um jede Aufgabe frisch und unvoreingenommen anzugehen.&nbsp;<\/p>\n<p>Oder auch gerne andersrum. Hauptsache mit Genuss. Denn gute Ideen lassen sich nicht in Zeit bemessen, sondern am Ergebnis. Overnighter und Burn-out gibt es bei uns nicht. Moderner Agenturalltag hei\u00dft bei uns zusammensitzen, sich austauschen und Zeit nehmen f\u00fcr die Dinge, die einem wichtig sind: \u00fcberzeugte Kunden, handgemachte Konzepte und kreative Designs, in die unser ganzes Herzblut und die ein oder andere Tasse guter Kaffee geflossen sind. Egal ob Website, Kommunikationskonzept oder Event \u2013 als Full-Service-Agentur arbeiten wir bundesweit und branchen\u00fcbergreifend und freuen uns darauf, auch Ihr Produkt in Bestform zu bringen.<\/p>\n<h4><b style=\"caret-color: #000000; font-size: 2.7em; letter-spacing: 0px;\">IDEE&nbsp;<\/b>UND CAFE<\/h4>\n<h4><\/h4>\n","protected":false},"excerpt":{"rendered":"<p>ZEIT,&nbsp;DASS WIR UNS DREHEN &nbsp; Agenturen gibt es wom\u00f6glich genauso viele wie Sand am Meer. Wir machen deshalb bestimmt nicht alles anders, aber vieles besser. Warum? Weil wir eben nicht h\u00f6her, lauter, weiter sind. Denn wenn es um unsere Arbeitsweise geht, werden wir gerne konservativ: P\u00fcnktlichkeit, Zuverl\u00e4ssigkeit und gegenseitiges Vertrauen sind der Grundstock f\u00fcr eine [&hellip;]<\/p>\n","protected":false},"author":1,"featured_media":0,"parent":0,"menu_order":0,"comment_status":"closed","ping_status":"closed","template":"","meta":{"_monsterinsights_skip_tracking":false,"_monsterinsights_sitenote_active":false,"_monsterinsights_sitenote_note":"","_monsterinsights_sitenote_category":0,"footnotes":""},"class_list":["post-276","page","type-page","status-publish","hentry"],"_links":{"self":[{"href":"https:\/\/ic-kommunikation.de\/index.php\/wp-json\/wp\/v2\/pages\/276","targetHints":{"allow":["GET"]}}],"collection":[{"href":"https:\/\/ic-kommunikation.de\/index.php\/wp-json\/wp\/v2\/pages"}],"about":[{"href":"https:\/\/ic-kommunikation.de\/index.php\/wp-json\/wp\/v2\/types\/page"}],"author":[{"embeddable":true,"href":"https:\/\/ic-kommunikation.de\/index.php\/wp-json\/wp\/v2\/users\/1"}],"replies":[{"embeddable":true,"href":"https:\/\/ic-kommunikation.de\/index.php\/wp-json\/wp\/v2\/comments?post=276"}],"version-history":[{"count":124,"href":"https:\/\/ic-kommunikation.de\/index.php\/wp-json\/wp\/v2\/pages\/276\/revisions"}],"predecessor-version":[{"id":1209,"href":"https:\/\/ic-kommunikation.de\/index.php\/wp-json\/wp\/v2\/pages\/276\/revisions\/1209"}],"wp:attachment":[{"href":"https:\/\/ic-kommunikation.de\/index.php\/wp-json\/wp\/v2\/media?parent=276"}],"curies":[{"name":"wp","href":"https:\/\/api.w.org\/{rel}","templated":true}]}}